{"id":5514,"date":"2022-10-26T18:04:24","date_gmt":"2022-10-26T18:04:24","guid":{"rendered":"https:\/\/protysec.com\/wordpresslpj\/?page_id=5514"},"modified":"2022-11-02T20:09:15","modified_gmt":"2022-11-02T20:09:15","slug":"seguridad","status":"publish","type":"page","link":"https:\/\/protysec.com\/wordpresslpj\/seguridad\/","title":{"rendered":"Seguridad e Higiene"},"content":{"rendered":"<div class=\"wpb-content-wrapper\"><p>[vc_row css=&#8221;.vc_custom_1666805187826{padding-top: 50px !important;padding-bottom: 25px !important;background-color: #0a0a0a !important;}&#8221;][vc_column][vc_column_text css=&#8221;.vc_custom_1666807524361{padding-bottom: 35px !important;}&#8221;]<\/p>\n<h2><span style=\"color: #ffffff;\">SEGURIDAD E HIGIENE<\/span><\/h2>\n<p>[\/vc_column_text][vc_column_text css=&#8221;.vc_custom_1666807655389{padding-bottom: 35px !important;}&#8221;]<span style=\"color: #ffffff; font-size:20px\">El cumplimiento de las normas oficiales mexicanas as\u00ed como los lineamientos del Reglamento son de gran importancia para aumentar la seguridad y prevenci\u00f3n en los centros de trabajo, lo que ayuda a minimizar accidentes y tener una mejor respuesta en la producci\u00f3n.<\/span><\/p>\n<p><span style=\"color: #ffffff; font-size:20px\">Brindamos servicios de consultor\u00eda en materia de Seguridad e Higiene con el objetivo de prevenir accidentes en los centros de trabajo, en cumplimiento con la normatividad vigente de la Secretar\u00eda del Trabajo y Previsi\u00f3n social.<\/span>[\/vc_column_text][vc_tta_accordion][vc_tta_section title=&#8221;Normas&#8221; tab_id=&#8221;1666807570919-f237ac3e-75be&#8221;][vc_column_text]<strong>NOM-001-STPS\u00a0<\/strong>\u2013 Edificios, locales, instalaciones y \u00e1reas en los centros de trabajo.<strong>\u00a0<\/strong>Condiciones de seguridad.<\/p>\n<p><strong>NOM-002-STPS\u00a0<\/strong>\u2013 Seguridad-prevenci\u00f3n y protecci\u00f3n contra incendios.<\/p>\n<p><strong>NOM-004-STPS<\/strong>\u00a0\u2013 Protecci\u00f3n y dispositivos de seguridad en la maquinaria y equipo.<\/p>\n<p><strong>NOM-005-STPS<\/strong>\u00a0\u2013 Manejo, transporte y almacenamiento de sust. qu\u00edmicas peligrosas.<\/p>\n<p><strong>NOM-006-STPS<\/strong>\u00a0-Manejo y almacenamiento de materiales-condiciones y procedimientos.<\/p>\n<p><strong>NOM-009-STPS<\/strong>\u00a0\u2013 Condiciones de seguridad para realizar trabajos en alturas.<\/p>\n<p><strong>NOM-010-STPS \u2013<\/strong>\u00a0Condiciones de seguridad e higiene en los centros de trabajo donde se\u00a0manejen, transporten, procesen o almacenen\u00a0sustancias qu\u00edmicas capaces de generar\u00a0contaminaci\u00f3n en el medio ambiente laboral.<\/p>\n<p><strong>NOM-011-STPS<\/strong>\u00a0\u2013 Seguridad e Higiene en los centros de trabajo donde se genere ruido.<\/p>\n<p><strong>NOM-015-STPS<\/strong>\u00a0\u2013 Condiciones t\u00e9rmicas elevadas o abatidas.<\/p>\n<p><strong>NOM-017-STPS<\/strong>\u00a0\u2013 Equipo de protecci\u00f3n personal-selecci\u00f3n, uso y manejo.<\/p>\n<p><strong>NOM-018-STPS<\/strong>\u00a0\u2013 Peligros y riesgos por sustancias qu\u00edmicas peligrosas.<\/p>\n<p><strong>NOM-019-STPS<\/strong>\u00a0\u2013 Comisiones de Seguridad e Higiene.<\/p>\n<p><strong>NOM-020-STPS<\/strong>\u00a0\u2013 Recipientes sujetos a presi\u00f3n, criog\u00e9nicos y generadores de vapor.<\/p>\n<p><strong>NOM-022-STPS<\/strong>\u00a0\u2013 Electricidad est\u00e1tica en los centros de trabajo-Condiciones de seguridad.<\/p>\n<p><strong>NOM-025-STPS<\/strong>\u00a0\u2013 Condiciones de iluminaci\u00f3n en los centros de trabajo.<\/p>\n<p><strong>NOM-026-STPS<\/strong>\u00a0\u2013 Colores y se\u00f1ales; identificaci\u00f3n de riesgos por fluidos en tuber\u00edas.<\/p>\n<p><strong>NOM-027-STPS<\/strong>\u00a0\u2013 Actividades de soldadura y corte; condiciones de Seguridad e\u00a0\u00a0 Higiene.<\/p>\n<p><strong>NOM-029-STPS<\/strong>\u00a0\u2013 Mantenimiento de instalaciones el\u00e9ctricas; condiciones de seguridad.<\/p>\n<p><strong>NOM-030-STPS<\/strong>\u00a0\u2013 Servicios preventivos de seguridad y salud en el trabajo.<\/p>\n<p><strong>NOM-031-STPS<\/strong>\u00a0\u2013 Construcci\u00f3n-Condiciones de seguridad y salud en el trabajo<\/p>\n<p><strong>NOM-033-STPS<\/strong>\u00a0\u2013 Condiciones de seguridad para realizar trabajos en espacios confinados.<\/p>\n<p><strong>NOM-034-STPS<\/strong>\u00a0\u2013 Condiciones de seguridad para el acceso y desarrollo de actividad[\/vc_column_text][\/vc_tta_section][\/vc_tta_accordion][\/vc_column][\/vc_row]<\/p>\n<\/div>","protected":false},"excerpt":{"rendered":"<p>[vc_row css=&#8221;.vc_custom_1666805187826{padding-top: 50px !important;padding-bottom: 25px !important;background-color: #0a0a0a !important;}&#8221;][vc_column][vc_column_text css=&#8221;.vc_custom_1666807524361{padding-bottom: 35px !important;}&#8221;] SEGURIDAD E HIGIENE [\/vc_column_text][vc_column_text css=&#8221;.vc_custom_1666807655389{padding-bottom: 35px !important;}&#8221;]El cumplimiento de las normas oficiales mexicanas as\u00ed como los lineamientos del Reglamento son de gran importancia para aumentar la seguridad y prevenci\u00f3n en los centros de trabajo, lo que ayuda a minimizar accidentes y tener una mejor respuesta en la producci\u00f3n. Brindamos servicios de consultor\u00eda en materia de Seguridad e Higiene con el objetivo de prevenir accidentes en los centros de trabajo, en cumplimiento con la normatividad vigente de la Secretar\u00eda del Trabajo y Previsi\u00f3n social.[\/vc_column_text][vc_tta_accordion][vc_tta_section title=&#8221;Normas&#8221; tab_id=&#8221;1666807570919-f237ac3e-75be&#8221;][vc_column_text]NOM-001-STPS\u00a0\u2013 Edificios, locales, instalaciones y &hellip; <a href=\"https:\/\/protysec.com\/wordpresslpj\/seguridad\/\">Continued<\/a><\/p>\n","protected":false},"author":1,"featured_media":0,"parent":0,"menu_order":0,"comment_status":"open","ping_status":"closed","template":"page-fullwidth.php","meta":{"footnotes":""},"class_list":["post-5514","page","type-page","status-publish","hentry"],"_links":{"self":[{"href":"https:\/\/protysec.com\/wordpresslpj\/wp-json\/wp\/v2\/pages\/5514","targetHints":{"allow":["GET"]}}],"collection":[{"href":"https:\/\/protysec.com\/wordpresslpj\/wp-json\/wp\/v2\/pages"}],"about":[{"href":"https:\/\/protysec.com\/wordpresslpj\/wp-json\/wp\/v2\/types\/page"}],"author":[{"embeddable":true,"href":"https:\/\/protysec.com\/wordpresslpj\/wp-json\/wp\/v2\/users\/1"}],"replies":[{"embeddable":true,"href":"https:\/\/protysec.com\/wordpresslpj\/wp-json\/wp\/v2\/comments?post=5514"}],"version-history":[{"count":3,"href":"https:\/\/protysec.com\/wordpresslpj\/wp-json\/wp\/v2\/pages\/5514\/revisions"}],"predecessor-version":[{"id":5517,"href":"https:\/\/protysec.com\/wordpresslpj\/wp-json\/wp\/v2\/pages\/5514\/revisions\/5517"}],"wp:attachment":[{"href":"https:\/\/protysec.com\/wordpresslpj\/wp-json\/wp\/v2\/media?parent=5514"}],"curies":[{"name":"wp","href":"https:\/\/api.w.org\/{rel}","templated":true}]}}