{"id":425,"date":"2014-08-30T15:40:15","date_gmt":"2014-08-30T15:40:15","guid":{"rendered":"http:\/\/pixis.useful-pixels.com\/?page_id=425"},"modified":"2022-11-03T02:27:50","modified_gmt":"2022-11-03T02:27:50","slug":"capacitacion","status":"publish","type":"page","link":"https:\/\/protysec.com\/wordpresslpj\/inicio\/capacitacion\/","title":{"rendered":"Capacitaci\u00f3n"},"content":{"rendered":"<div class=\"wpb-content-wrapper\"><p>[vc_row css=&#8221;.vc_custom_1448527800079{padding-top: 40px !important;padding-bottom: 40px !important;}&#8221;][vc_column][vc_column_text]<\/p>\n<h1 style=\"text-align: center;\">CAPACITACI\u00d3N<\/h1>\n<p>[\/vc_column_text][\/vc_column][\/vc_row][vc_row css=&#8221;.vc_custom_1415877943066{padding-bottom: 40px !important;background-color: #f5f5f5 !important;}&#8221;][vc_column width=&#8221;2\/3&#8243;][vc_empty_space][vc_column_text]<span style=\"font-size: 20px;\">La capacitaci\u00f3n es una de las mejores maneras de hacerle frente a las emergencias.<\/span><br \/>\n<span style=\"font-size: 20px;\"><br \/>\nSaber qu\u00e9 hacer y que no, permite tomar las decisiones correctas. La participaci\u00f3n de las personas en este tipo de temas permitir\u00e1 crear una sociedad m\u00e1s resiliente y preparada. Ofrecemos capacitaci\u00f3n en materia de Formaci\u00f3n de brigadas, Primeros auxilios, Combate de incendios, B\u00fasqueda y Rescate. La capacitaci\u00f3n se imparte en sus oficinas o en campo de pr\u00e1cticas<\/span>[\/vc_column_text][\/vc_column][vc_column width=&#8221;1\/3&#8243;][vc_empty_space][vc_single_image image=&#8221;5507&#8243; img_size=&#8221;full&#8221; alignment=&#8221;center&#8221;][\/vc_column][\/vc_row][vc_row css=&#8221;.vc_custom_1415877943066{padding-bottom: 40px !important;background-color: #f5f5f5 !important;}&#8221;][vc_column width=&#8221;1\/3&#8243;][vc_empty_space][vc_single_image image=&#8221;5534&#8243; img_size=&#8221;full&#8221;][vc_empty_space][\/vc_column][vc_column width=&#8221;2\/3&#8243;][vc_column_text]<strong><span style=\"font-size: 20px;\">FORMACI\u00d3N DE BRIGADAS\u00a0<\/span><\/strong><br \/>\n<span style=\"font-size: 20px;\"><br \/>\nEl Comit\u00e9 Interno de Protecci\u00f3n Civil de cada establecimiento o inmueble deber\u00e1 implementar las cuatro brigadas b\u00e1sicas: Primeros auxilios, Prevenci\u00f3n y combate de incendios, Evacuaci\u00f3n de inmuebles y Comunicaci\u00f3n de Emergencias La capacitaci\u00f3n puede impartirse en sus oficinas o si lo requiere en campo de pr\u00e1cticas. <\/span><\/p>\n<p><span style=\"font-size: 20px;\">Las brigadas en Protecci\u00f3n Civil que se formen, deber\u00e1n estar justificadas por las caracter\u00edsticas y necesidades de los inmuebles. La cantidad de sus elementos deber\u00e1 estar determinada por el an\u00e1lisis de riesgos efectuado al inmueble y estar altamente capacitados.\u00a0<\/span><\/p>\n<p>&nbsp;[\/vc_column_text][\/vc_column][\/vc_row][vc_row css=&#8221;.vc_custom_1415877943066{padding-bottom: 40px !important;background-color: #f5f5f5 !important;}&#8221;][vc_column width=&#8221;2\/3&#8243;][vc_column_text]&nbsp;<\/p>\n<p><span style=\"color: #000000;\"><strong><span style=\"font-size: 20px;\">CAPACITACION EN PRIMEROS AUXILIOS.<\/span><\/strong><\/span><br \/>\n<span style=\"font-size: 20px;\"><br \/>\nCualquier persona puede salvar la vida de otra, por ello saber actuar de forma correcta y aplicar los conocimientos b\u00e1sicos ayudar\u00e1 a darle una oportunidad a la persona durante los primeros segundos, mientras llegue el Profesional.<br \/>\n<\/span>[\/vc_column_text][vc_empty_space][\/vc_column][vc_column width=&#8221;1\/3&#8243;][vc_single_image image=&#8221;5535&#8243; img_size=&#8221;full&#8221; alignment=&#8221;center&#8221;][vc_empty_space][\/vc_column][\/vc_row][vc_row css=&#8221;.vc_custom_1415877943066{padding-bottom: 40px !important;background-color: #f5f5f5 !important;}&#8221;][vc_column width=&#8221;1\/3&#8243;][vc_single_image image=&#8221;5528&#8243; img_size=&#8221;full&#8221; alignment=&#8221;center&#8221;][\/vc_column][vc_column width=&#8221;2\/3&#8243;][vc_column_text]<strong><span style=\"font-size: 20px; color: #000000;\">CAPACITACION EN PREVENCI\u00d3N Y COMBATE DE INCENDIOS<\/span><\/strong><br \/>\n<span style=\"font-size: 20px;\"><br \/>\n<\/span><\/p>\n<p><span style=\"font-size: 20px;\">La Prevenci\u00f3n de Incendios es un componente inseparable del trabajo, conocer los riesgos a los que se est\u00e1 expuesto, implica la posibilidad de evitarlos, enfrentarlos o minimizarlos.<\/span><\/p>\n<p><span style=\"font-size: 20px;\">Por lo tanto contar con personal capacitado en prevenci\u00f3n y combate de incendios, es un componente indispensable en cualquier inmueble, industria o establecimiento.<\/span><\/p>\n<p>&nbsp;[\/vc_column_text][vc_empty_space][\/vc_column][\/vc_row][vc_row css=&#8221;.vc_custom_1415877943066{padding-bottom: 40px !important;background-color: #f5f5f5 !important;}&#8221;][vc_column width=&#8221;2\/3&#8243;][vc_column_text]&nbsp;<\/p>\n<p><strong><span style=\"font-size: 20px;\">CAPACITACI\u00d3N EN EVACUACION DE INMUEBLES.<\/span><\/strong><span style=\"font-size: 20px;\"><br \/>\n<\/span><\/p>\n<p><span style=\"font-size: 20px;\">Los inmuebles durante un incendio o derrumbe son muy susceptibles a desorientar a las personas, sobre todo cuando existe poca visibilidad y aire respirable. Por ello dar a conocer las t\u00e9cnicas adecuadas para salir y evacuar al personal, usuarios y lesionados ayudar\u00e1 a reducir el impacto de la emergencia.<br \/>\n<\/span>[\/vc_column_text][\/vc_column][vc_column width=&#8221;1\/3&#8243;][vc_single_image image=&#8221;5538&#8243; img_size=&#8221;full&#8221; alignment=&#8221;center&#8221;][vc_empty_space][\/vc_column][\/vc_row][vc_row css=&#8221;.vc_custom_1415877943066{padding-bottom: 40px !important;background-color: #f5f5f5 !important;}&#8221;][vc_column width=&#8221;1\/3&#8243;][vc_single_image image=&#8221;5545&#8243; img_size=&#8221;full&#8221; alignment=&#8221;center&#8221;][\/vc_column][vc_column width=&#8221;2\/3&#8243;][vc_column_text]<strong><span style=\"font-size: 20px;\">CAPACITACI\u00d3N EN COMUNICACI\u00d3N.<\/span><\/strong><span style=\"font-size: 20px;\"><br \/>\n<\/span><\/p>\n<p><span style=\"font-size: 20px;\">La comunicaci\u00f3n de riesgos es un proceso que facilita el intercambio de informaci\u00f3n entre los diversos actores involucrados, como pueden ser instituciones gubernamentales y acad\u00e9micas, empresas privadas, organismos no gubernamentales y el p\u00fablico en general. Este proceso debe provocar cambios en el comportamiento de las personas afectadas y mejorar la toma de decisiones para disminuir los riesgos.<\/span>[\/vc_column_text][vc_empty_space][\/vc_column][\/vc_row][vc_row css=&#8221;.vc_custom_1415877943066{padding-bottom: 40px !important;background-color: #f5f5f5 !important;}&#8221;][vc_column width=&#8221;2\/3&#8243;][vc_column_text]&nbsp;<\/p>\n<p><strong><span style=\"font-size: 20px;\">CAPACITACI\u00d3N EN RCP Y DEA\u00a0<\/span><\/strong><span style=\"font-size: 20px;\"><br \/>\n<\/span><\/p>\n<p><span style=\"font-size: 20px;\">Es un curso-taller dirigido a cualquier persona interesada en capacitarse integralmente para brindar primeros auxilios en situaciones de emergencia, as\u00ed como para el personal de urgencias (no-m\u00e9dico) de nivel b\u00e1sico.<\/span>[\/vc_column_text][vc_empty_space][\/vc_column][vc_column width=&#8221;1\/3&#8243;][vc_single_image image=&#8221;5541&#8243; img_size=&#8221;full&#8221; alignment=&#8221;center&#8221;][vc_empty_space][\/vc_column][\/vc_row][vc_row css=&#8221;.vc_custom_1415877943066{padding-bottom: 40px !important;background-color: #f5f5f5 !important;}&#8221;][vc_column width=&#8221;1\/3&#8243;][vc_single_image image=&#8221;5543&#8243; img_size=&#8221;full&#8221; alignment=&#8221;center&#8221;][vc_empty_space][\/vc_column][vc_column width=&#8221;2\/3&#8243;][vc_column_text]<strong><span style=\"font-size: 20px;\">CAPACITACI\u00d3N DE RESCATE EN ESPACIOS CONFINADOS.<\/span><\/strong><span style=\"font-size: 20px;\"><br \/>\n<\/span><\/p>\n<p><span style=\"font-size: 20px;\">Este curso va dirigido para clientes y operadores que realicen trabajos en los que se involucre ingresar a un espacio en condiciones de riesgo como lo son los espacios confinados. Se utiliza el equipo de protecci\u00f3n personal necesario y se comprenden los principales riesgos.<\/span>[\/vc_column_text][vc_empty_space][\/vc_column][\/vc_row][vc_row row_type=&#8221;full&#8221;][vc_column][vc_custom_heading text=&#8221;\u00daltimas Capacitaciones&#8221; font_container=&#8221;tag:h3|text_align:center&#8221; google_fonts=&#8221;font_family:Open%20Sans%3A300%2C300italic%2Cregular%2Citalic%2C600%2C600italic%2C700%2C700italic%2C800%2C800italic|font_style:400%20regular%3A400%3Anormal&#8221;][vc_empty_space][vc_basic_grid post_type=&#8221;post&#8221; max_items=&#8221;10&#8243; element_width=&#8221;3&#8243; gap=&#8221;20&#8243; item=&#8221;basicGrid_SlideFromLeft&#8221; initial_loading_animation=&#8221;bounceIn&#8221; grid_id=&#8221;vc_gid:1667442438397-f06a3848e1c158094bc9aab93f6897ae-0&#8243; taxonomies=&#8221;17&#8243;][\/vc_column][\/vc_row][vc_row row_type=&#8221;full&#8221;][vc_column][vc_empty_space height=&#8221;100px&#8221;][\/vc_column][\/vc_row][vc_row row_type=&#8221;full&#8221;][vc_column][\/vc_column][\/vc_row][vc_row row_type=&#8221;full&#8221;][vc_column][\/vc_column][\/vc_row]<\/p>\n<\/div>","protected":false},"excerpt":{"rendered":"<p>[vc_row css=&#8221;.vc_custom_1448527800079{padding-top: 40px !important;padding-bottom: 40px !important;}&#8221;][vc_column][vc_column_text] CAPACITACI\u00d3N [\/vc_column_text][\/vc_column][\/vc_row][vc_row css=&#8221;.vc_custom_1415877943066{padding-bottom: 40px !important;background-color: #f5f5f5 !important;}&#8221;][vc_column width=&#8221;2\/3&#8243;][vc_empty_space][vc_column_text]La capacitaci\u00f3n es una de las mejores maneras de hacerle frente a las emergencias. Saber qu\u00e9 hacer y que no, permite tomar las decisiones correctas. La participaci\u00f3n de las personas en este tipo de temas permitir\u00e1 crear una sociedad m\u00e1s resiliente y preparada. Ofrecemos capacitaci\u00f3n en materia de Formaci\u00f3n de brigadas, Primeros auxilios, Combate de incendios, B\u00fasqueda y Rescate. La capacitaci\u00f3n se imparte en sus oficinas o en campo de pr\u00e1cticas[\/vc_column_text][\/vc_column][vc_column width=&#8221;1\/3&#8243;][vc_empty_space][vc_single_image image=&#8221;5507&#8243; img_size=&#8221;full&#8221; alignment=&#8221;center&#8221;][\/vc_column][\/vc_row][vc_row css=&#8221;.vc_custom_1415877943066{padding-bottom: 40px !important;background-color: #f5f5f5 !important;}&#8221;][vc_column width=&#8221;1\/3&#8243;][vc_empty_space][vc_single_image image=&#8221;5534&#8243; img_size=&#8221;full&#8221;][vc_empty_space][\/vc_column][vc_column width=&#8221;2\/3&#8243;][vc_column_text]FORMACI\u00d3N DE BRIGADAS\u00a0 El &hellip; <a href=\"https:\/\/protysec.com\/wordpresslpj\/inicio\/capacitacion\/\">Continued<\/a><\/p>\n","protected":false},"author":1,"featured_media":0,"parent":3368,"menu_order":0,"comment_status":"open","ping_status":"open","template":"page-fullwidth.php","meta":{"footnotes":""},"class_list":["post-425","page","type-page","status-publish","hentry"],"_links":{"self":[{"href":"https:\/\/protysec.com\/wordpresslpj\/wp-json\/wp\/v2\/pages\/425","targetHints":{"allow":["GET"]}}],"collection":[{"href":"https:\/\/protysec.com\/wordpresslpj\/wp-json\/wp\/v2\/pages"}],"about":[{"href":"https:\/\/protysec.com\/wordpresslpj\/wp-json\/wp\/v2\/types\/page"}],"author":[{"embeddable":true,"href":"https:\/\/protysec.com\/wordpresslpj\/wp-json\/wp\/v2\/users\/1"}],"replies":[{"embeddable":true,"href":"https:\/\/protysec.com\/wordpresslpj\/wp-json\/wp\/v2\/comments?post=425"}],"version-history":[{"count":19,"href":"https:\/\/protysec.com\/wordpresslpj\/wp-json\/wp\/v2\/pages\/425\/revisions"}],"predecessor-version":[{"id":5635,"href":"https:\/\/protysec.com\/wordpresslpj\/wp-json\/wp\/v2\/pages\/425\/revisions\/5635"}],"up":[{"embeddable":true,"href":"https:\/\/protysec.com\/wordpresslpj\/wp-json\/wp\/v2\/pages\/3368"}],"wp:attachment":[{"href":"https:\/\/protysec.com\/wordpresslpj\/wp-json\/wp\/v2\/media?parent=425"}],"curies":[{"name":"wp","href":"https:\/\/api.w.org\/{rel}","templated":true}]}}