{"id":3368,"date":"2014-12-11T12:09:32","date_gmt":"2014-12-11T12:09:32","guid":{"rendered":"http:\/\/cassius.useful-pixels.com\/?page_id=3368"},"modified":"2022-11-11T16:29:30","modified_gmt":"2022-11-11T16:29:30","slug":"inicio","status":"publish","type":"page","link":"https:\/\/protysec.com\/wordpresslpj\/","title":{"rendered":"Inicio"},"content":{"rendered":"<div class=\"wpb-content-wrapper\"><p>[vc_section][vc_row][vc_column width=&#8221;1\/4&#8243;][vc_empty_space height=&#8221;90px&#8221;][vc_column_text css_animation=&#8221;bounceIn&#8221;]<\/p>\n<h1><strong>\u00bfQui\u00e9nes somos?<\/strong><\/h1>\n<p>[\/vc_column_text][\/vc_column][vc_column width=&#8221;3\/4&#8243;][vc_empty_space height=&#8221;90px&#8221;][vc_column_text]<\/p>\n<h5><span style=\"color: #000000;\">Desde el a\u00f1o de 1999, ante la necesidad de compromiso con la seguridad, la protecci\u00f3n civil y la continuidad de operaciones nace LPJ es una\u00a0empresa de consultor\u00eda\u00a0que se enfoca en dar cumplimiento al marco legal\u00a0expedido por las distintas\u00a0dependencias de gobierno\u00a0en materia de\u00a0Protecci\u00f3n Civil y Seguridad e Higiene. \u00a0Reuniendo a un grupo de profesionales para ofrecer el mejor servicio del mercado.<\/span><\/h5>\n<h2><span style=\"color: #000000;\">Misi\u00f3n<\/span><\/h2>\n<h5><span style=\"color: #000000;\">Apoyar tanto al sector empresarial, comercial y de\u00a0 servicio, mediante asesor\u00edas de alta calidad, capacitaci\u00f3n contin\u00faa y efectiva , que les permitan crear y desarrollar una cultura de prevenci\u00f3n, evitando multas, clausuras y sanciones.<\/span><\/h5>\n<h2><span style=\"color: #000000;\">Visi\u00f3n<\/span><\/h2>\n<h5><span style=\"color: #000000;\">Posicionarme en el mercado como una empresa de alto rango.<\/span><\/h5>\n<p>[\/vc_column_text][\/vc_column][\/vc_row][\/vc_section][vc_section][vc_row][vc_column][vc_empty_space height=&#8221;90px&#8221;][vc_column_text css_animation=&#8221;bounceIn&#8221;]<\/p>\n<h1 style=\"text-align: center;\"><strong>Nuestros servicios<\/strong><\/h1>\n<p>[\/vc_column_text][vc_empty_space height=&#8221;40px&#8221;][vc_column_text]<\/p>\n<h3 style=\"text-align: center;\">Somos una empresa especializada en Protecci\u00f3n Civil, Seguridad e Higiene y Continuidad de Negocios, as\u00ed como la venta de equipo de seguridad contra incendios y se\u00f1alizaci\u00f3n.<\/h3>\n<h3 style=\"text-align: center;\">Nuestra experiencia en el ramo de la asesor\u00eda, consultor\u00eda y capacitaci\u00f3n se adaptan a las necesidades y requerimientos de trabajo de cualquier empresa industria o establecimiento.<\/h3>\n<p>[\/vc_column_text][vc_empty_space height=&#8221;90px&#8221;][\/vc_column][\/vc_row][vc_row][vc_column width=&#8221;1\/5&#8243;][vc_btn title=&#8221;Tips&#8221; style=&#8221;3d&#8221; color=&#8221;danger&#8221; size=&#8221;lg&#8221; align=&#8221;center&#8221; link=&#8221;url:https%3A%2F%2Fprotysec.com%2Fwordpresslpj%2Ftips%2F|title:Tips%20de%20Protecci%C3%B3n%20Civil&#8221;][\/vc_column][vc_column width=&#8221;1\/5&#8243;][vc_btn title=&#8221;Capacitaci\u00f3n&#8221; style=&#8221;3d&#8221; color=&#8221;danger&#8221; size=&#8221;lg&#8221; align=&#8221;center&#8221; link=&#8221;url:https%3A%2F%2Fprotysec.com%2Fwordpresslpj%2Finicio%2Fcapacitacion%2F|title:Capacitaci%C3%B3n&#8221;][\/vc_column][vc_column width=&#8221;1\/5&#8243;][vc_btn title=&#8221;Seguridad e Higiene&#8221; style=&#8221;3d&#8221; color=&#8221;danger&#8221; size=&#8221;lg&#8221; align=&#8221;center&#8221; link=&#8221;url:https%3A%2F%2Fprotysec.com%2Fwordpresslpj%2Fseguridad%2F|title:Seguridad%20e%20Higiene&#8221;][\/vc_column][vc_column width=&#8221;1\/5&#8243;][vc_btn title=&#8221;Programa de Protecci\u00f3n Civil&#8221; style=&#8221;3d&#8221; color=&#8221;danger&#8221; size=&#8221;lg&#8221; align=&#8221;center&#8221; link=&#8221;url:https%3A%2F%2Fprotysec.com%2Fwordpresslpj%2Fprogramas%2F|title:Programas%20de%20Protecci%C3%B3n%20Civil&#8221;][\/vc_column][vc_column width=&#8221;1\/5&#8243;][vc_btn title=&#8221;Equipo contra incendio&#8221; style=&#8221;3d&#8221; color=&#8221;danger&#8221; size=&#8221;lg&#8221; align=&#8221;center&#8221; link=&#8221;url:https%3A%2F%2Fprotysec.com%2Fwordpresslpj%2Finicio%2Fequipo%2F|title:Equipo%20contra%20incendio&#8221;][\/vc_column][\/vc_row][\/vc_section][vc_section][vc_row][vc_column][vc_empty_space height=&#8221;90px&#8221;][vc_column_text css_animation=&#8221;bounceIn&#8221;]<\/p>\n<h1 style=\"text-align: center;\"><strong>Contamos con las siguientes certificaciones<\/strong><\/h1>\n<p>[\/vc_column_text][vc_empty_space height=&#8221;90px&#8221;][\/vc_column][\/vc_row][vc_row][vc_column width=&#8221;1\/4&#8243;][vc_single_image image=&#8221;5422&#8243; img_size=&#8221;full&#8221; alignment=&#8221;center&#8221;][vc_empty_space][\/vc_column][vc_column width=&#8221;1\/4&#8243;][vc_empty_space][vc_empty_space][vc_single_image image=&#8221;5423&#8243; img_size=&#8221;full&#8221; alignment=&#8221;center&#8221;][\/vc_column][vc_column width=&#8221;1\/4&#8243;][vc_single_image image=&#8221;5424&#8243; alignment=&#8221;center&#8221;][\/vc_column][vc_column width=&#8221;1\/4&#8243;][vc_single_image image=&#8221;5421&#8243;][\/vc_column][\/vc_row][vc_row][vc_column width=&#8221;1\/4&#8243;][vc_single_image image=&#8221;5417&#8243; img_size=&#8221;full&#8221; alignment=&#8221;center&#8221;][\/vc_column][vc_column width=&#8221;1\/4&#8243;][vc_empty_space height=&#8221;10px&#8221;][vc_single_image image=&#8221;5418&#8243; alignment=&#8221;center&#8221;][\/vc_column][vc_column width=&#8221;1\/4&#8243;][vc_single_image image=&#8221;5420&#8243; img_size=&#8221;full&#8221; alignment=&#8221;center&#8221;][\/vc_column][vc_column width=&#8221;1\/4&#8243;][vc_single_image image=&#8221;5419&#8243; img_size=&#8221;full&#8221; alignment=&#8221;center&#8221;][\/vc_column][\/vc_row][\/vc_section][vc_section][vc_row][vc_column][vc_empty_space height=&#8221;90px&#8221;][vc_column_text css_animation=&#8221;bounceIn&#8221;]<\/p>\n<h1 style=\"text-align: center;\"><strong>Te presentamos algunos de nuestros clientes<\/strong><\/h1>\n<p>[\/vc_column_text][vc_empty_space height=&#8221;90px&#8221;][\/vc_column][\/vc_row][vc_row][vc_column width=&#8221;1\/3&#8243;][\/vc_column][vc_column width=&#8221;1\/3&#8243;][vc_images_carousel images=&#8221;5430,5431,5432,5433,5434,5435,5436,5437&#8243; img_size=&#8221;full&#8221; onclick=&#8221;link_no&#8221; speed=&#8221;3000&#8243; autoplay=&#8221;yes&#8221;][\/vc_column][vc_column width=&#8221;1\/3&#8243;][\/vc_column][\/vc_row][\/vc_section][vc_row][vc_column][vc_empty_space height=&#8221;90px&#8221;][vc_column_text css_animation=&#8221;bounceIn&#8221;]<\/p>\n<h1 style=\"text-align: center;\"><strong>Vis\u00edtanos<\/strong><\/h1>\n<p>[\/vc_column_text][vc_column_text css_animation=&#8221;bounceIn&#8221;]<\/p>\n<h5 style=\"text-align: center;\">No dudes en ponerte en contacto con nosotros mediante la siguiente informaci\u00f3n de contacto o utiliza el formulario para enviarnos un mensaje.<\/h5>\n<p>[\/vc_column_text][vc_empty_space height=&#8221;90px&#8221;][\/vc_column][\/vc_row][vc_row row_type=&#8221;full&#8221;][vc_column width=&#8221;1\/2&#8243;][vc_raw_html]JTNDaWZyYW1lJTIwc3JjJTNEJTIyaHR0cHMlM0ElMkYlMkZ3d3cuZ29vZ2xlLmNvbSUyRm1hcHMlMkZlbWJlZCUzRnBiJTNEJTIxMW0xOCUyMTFtMTIlMjExbTMlMjExZDE4ODIuNTgxODAxNDk4OTc3NyUyMTJkLTk5LjE2ODU3MDM0MjAwMzk2JTIxM2QxOS4zMTg3MDU3OTY3MzcyOTQlMjEybTMlMjExZjAlMjEyZjAlMjEzZjAlMjEzbTIlMjExaTEwMjQlMjEyaTc2OCUyMTRmMTMuMSUyMTNtMyUyMTFtMiUyMTFzMHg4NWNlMDAzZTFjMTU4Mzg1JTI1M0EweDQyNThkYmMxMDllZDExNmYlMjEyc1BhcGFsb3RsJTI1MjA1MzElMjUyQyUyNTIwUGVkcmVnYWwlMjUyMGRlJTI1MjBTYW50byUyNTIwRG9taW5nbyUyNTJDJTI1MjBDb3lvYWMlMjVDMyUyNUExbiUyNTJDJTI1MjAwNDM2OSUyNTIwQ2l1ZGFkJTI1MjBkZSUyNTIwTSUyNUMzJTI1QTl4aWNvJTI1MkMlMjUyMENETVglMjE1ZTAlMjEzbTIlMjExc2VzJTIxMnNteCUyMTR2MTY2NzUzMzM0NTk0NyUyMTVtMiUyMTFzZXMlMjEyc214JTIyJTIwd2lkdGglM0QlMjI3MDAlMjIlMjBoZWlnaHQlM0QlMjI1MDAlMjIlMjBzdHlsZSUzRCUyMmJvcmRlciUzQTAlM0IlMjIlMjBhbGxvd2Z1bGxzY3JlZW4lM0QlMjIlMjIlMjBsb2FkaW5nJTNEJTIybGF6eSUyMiUyMHJlZmVycmVycG9saWN5JTNEJTIybm8tcmVmZXJyZXItd2hlbi1kb3duZ3JhZGUlMjIlM0UlM0MlMkZpZnJhbWUlM0U=[\/vc_raw_html][\/vc_column][vc_column width=&#8221;1\/2&#8243;][vc_column_text css_animation=&#8221;bounceIn&#8221;]<\/p>\n<h4 style=\"text-align: left;\">Contacto<\/h4>\n<p>[\/vc_column_text]\n<div class=\"wpcf7 no-js\" id=\"wpcf7-f6-o1\" lang=\"es-MX\" dir=\"ltr\" data-wpcf7-id=\"6\">\n<div class=\"screen-reader-response\"><p role=\"status\" aria-live=\"polite\" aria-atomic=\"true\"><\/p> <ul><\/ul><\/div>\n<form action=\"\/wordpresslpj\/wp-json\/wp\/v2\/pages\/3368#wpcf7-f6-o1\" method=\"post\" class=\"wpcf7-form init\" aria-label=\"Formulario de contacto\" novalidate=\"novalidate\" data-status=\"init\">\n<div style=\"display: none;\">\n<input type=\"hidden\" name=\"_wpcf7\" value=\"6\" \/>\n<input type=\"hidden\" name=\"_wpcf7_version\" value=\"6.0.6\" \/>\n<input type=\"hidden\" name=\"_wpcf7_locale\" value=\"es_MX\" \/>\n<input type=\"hidden\" name=\"_wpcf7_unit_tag\" value=\"wpcf7-f6-o1\" \/>\n<input type=\"hidden\" name=\"_wpcf7_container_post\" value=\"0\" \/>\n<input type=\"hidden\" name=\"_wpcf7_posted_data_hash\" value=\"\" \/>\n<\/div>\n<p><label> Tu nombre<br \/>\n<span class=\"wpcf7-form-control-wrap\" data-name=\"your-name\"><input size=\"40\" maxlength=\"400\" class=\"wpcf7-form-control wpcf7-text wpcf7-validates-as-required\" aria-required=\"true\" aria-invalid=\"false\" value=\"\" type=\"text\" name=\"your-name\" \/><\/span> <\/label>\n<\/p>\n<p><label> Tu correo electr\u00f3nico<br \/>\n<span class=\"wpcf7-form-control-wrap\" data-name=\"your-email\"><input size=\"40\" maxlength=\"400\" class=\"wpcf7-form-control wpcf7-email wpcf7-validates-as-required wpcf7-text wpcf7-validates-as-email\" aria-required=\"true\" aria-invalid=\"false\" value=\"\" type=\"email\" name=\"your-email\" \/><\/span> <\/label>\n<\/p>\n<p><label> Asunto<br \/>\n<span class=\"wpcf7-form-control-wrap\" data-name=\"your-subject\"><input size=\"40\" maxlength=\"400\" class=\"wpcf7-form-control wpcf7-text wpcf7-validates-as-required\" aria-required=\"true\" aria-invalid=\"false\" value=\"\" type=\"text\" name=\"your-subject\" \/><\/span> <\/label>\n<\/p>\n<p><label> Tu mensaje (opcional)<br \/>\n<span class=\"wpcf7-form-control-wrap\" data-name=\"your-message\"><textarea cols=\"40\" rows=\"10\" maxlength=\"2000\" class=\"wpcf7-form-control wpcf7-textarea\" aria-invalid=\"false\" name=\"your-message\"><\/textarea><\/span> <\/label>\n<\/p>\n<p><input class=\"wpcf7-form-control wpcf7-submit has-spinner\" type=\"submit\" value=\"Enviar\" \/>\n<\/p><div class=\"wpcf7-response-output\" aria-hidden=\"true\"><\/div>\n<\/form>\n<\/div>\n[\/vc_column][\/vc_row]<\/p>\n<\/div>","protected":false},"excerpt":{"rendered":"<p>[vc_section][vc_row][vc_column width=&#8221;1\/4&#8243;][vc_empty_space height=&#8221;90px&#8221;][vc_column_text css_animation=&#8221;bounceIn&#8221;] \u00bfQui\u00e9nes somos? [\/vc_column_text][\/vc_column][vc_column width=&#8221;3\/4&#8243;][vc_empty_space height=&#8221;90px&#8221;][vc_column_text] Desde el a\u00f1o de 1999, ante la necesidad de compromiso con la seguridad, la protecci\u00f3n civil y la continuidad de operaciones nace LPJ es una\u00a0empresa de consultor\u00eda\u00a0que se enfoca en dar cumplimiento al marco legal\u00a0expedido por las distintas\u00a0dependencias de gobierno\u00a0en materia de\u00a0Protecci\u00f3n Civil y Seguridad e Higiene. \u00a0Reuniendo a un grupo de profesionales para ofrecer el mejor servicio del mercado. Misi\u00f3n Apoyar tanto al sector empresarial, comercial y de\u00a0 servicio, mediante asesor\u00edas de alta calidad, capacitaci\u00f3n contin\u00faa y efectiva , que les permitan crear y desarrollar una cultura de prevenci\u00f3n, evitando &hellip; <a href=\"https:\/\/protysec.com\/wordpresslpj\/\">Continued<\/a><\/p>\n","protected":false},"author":1,"featured_media":0,"parent":0,"menu_order":0,"comment_status":"closed","ping_status":"closed","template":"page-fullwidth.php","meta":{"footnotes":""},"class_list":["post-3368","page","type-page","status-publish","hentry"],"_links":{"self":[{"href":"https:\/\/protysec.com\/wordpresslpj\/wp-json\/wp\/v2\/pages\/3368","targetHints":{"allow":["GET"]}}],"collection":[{"href":"https:\/\/protysec.com\/wordpresslpj\/wp-json\/wp\/v2\/pages"}],"about":[{"href":"https:\/\/protysec.com\/wordpresslpj\/wp-json\/wp\/v2\/types\/page"}],"author":[{"embeddable":true,"href":"https:\/\/protysec.com\/wordpresslpj\/wp-json\/wp\/v2\/users\/1"}],"replies":[{"embeddable":true,"href":"https:\/\/protysec.com\/wordpresslpj\/wp-json\/wp\/v2\/comments?post=3368"}],"version-history":[{"count":63,"href":"https:\/\/protysec.com\/wordpresslpj\/wp-json\/wp\/v2\/pages\/3368\/revisions"}],"predecessor-version":[{"id":5725,"href":"https:\/\/protysec.com\/wordpresslpj\/wp-json\/wp\/v2\/pages\/3368\/revisions\/5725"}],"wp:attachment":[{"href":"https:\/\/protysec.com\/wordpresslpj\/wp-json\/wp\/v2\/media?parent=3368"}],"curies":[{"name":"wp","href":"https:\/\/api.w.org\/{rel}","templated":true}]}}