{"id":12,"date":"2014-08-25T10:21:55","date_gmt":"2014-08-25T10:21:55","guid":{"rendered":"http:\/\/pixis.useful-pixels.com\/?page_id=12"},"modified":"2022-11-18T14:11:56","modified_gmt":"2022-11-18T14:11:56","slug":"programas","status":"publish","type":"page","link":"https:\/\/protysec.com\/wordpresslpj\/programas\/","title":{"rendered":"Programas de Protecci\u00f3n Civil"},"content":{"rendered":"<div class=\"wpb-content-wrapper\"><p>[vc_row css=&#8221;.vc_custom_1667439245961{padding-top: 50px !important;background-color: #f5f5f5 !important;}&#8221;][vc_column][vc_custom_heading text=&#8221;Programa de Protecci\u00f3n Civil&#8221; google_fonts=&#8221;font_family:Open%20Sans%3A300%2C300italic%2Cregular%2Citalic%2C600%2C600italic%2C700%2C700italic%2C800%2C800italic|font_style:400%20regular%3A400%3Anormal&#8221; css_animation=&#8221;fadeIn&#8221;][vc_column_text]<\/p>\n<p style=\"font-size: 18px;\">Te apoyamos en la elaboraci\u00f3n de tu Programa Interno, Programa Espec\u00edfico o Programa Especial. As\u00ed como su gestor\u00eda, hasta la obtenci\u00f3n del Visto Bueno.<\/p>\n<p>[\/vc_column_text][vc_cta h2=&#8221;30 a\u00f1os nos respaldan apoyando a:&#8221; txt_align=&#8221;center&#8221; style=&#8221;custom&#8221; el_width=&#8221;lg&#8221; css_animation=&#8221;bounceInLeft&#8221; css=&#8221;.vc_custom_1667439329184{background-color: #f5f5f5 !important;}&#8221; custom_background=&#8221;#f5f5f5&#8243; custom_text=&#8221;#dd3333&#8243;][\/vc_cta][vc_row_inner][vc_column_inner width=&#8221;1\/4&#8243;][vc_single_image image=&#8221;5648&#8243; alignment=&#8221;center&#8221;][vc_custom_heading text=&#8221;Escuelas&#8221; font_container=&#8221;tag:h5|text_align:center&#8221; google_fonts=&#8221;font_family:Open%20Sans%3A300%2C300italic%2Cregular%2Citalic%2C600%2C600italic%2C700%2C700italic%2C800%2C800italic|font_style:600%20bold%20regular%3A600%3Anormal&#8221;][\/vc_column_inner][vc_column_inner width=&#8221;1\/4&#8243;][vc_single_image image=&#8221;5655&#8243; alignment=&#8221;center&#8221;][vc_custom_heading text=&#8221;Edificios&#8221; font_container=&#8221;tag:h5|text_align:center&#8221; google_fonts=&#8221;font_family:Open%20Sans%3A300%2C300italic%2Cregular%2Citalic%2C600%2C600italic%2C700%2C700italic%2C800%2C800italic|font_style:600%20bold%20regular%3A600%3Anormal&#8221;][\/vc_column_inner][vc_column_inner width=&#8221;1\/4&#8243;][vc_single_image image=&#8221;5651&#8243; alignment=&#8221;center&#8221;][vc_custom_heading text=&#8221;Restaurantes&#8221; font_container=&#8221;tag:h5|text_align:center&#8221; google_fonts=&#8221;font_family:Open%20Sans%3A300%2C300italic%2Cregular%2Citalic%2C600%2C600italic%2C700%2C700italic%2C800%2C800italic|font_style:600%20bold%20regular%3A600%3Anormal&#8221;][\/vc_column_inner][vc_column_inner width=&#8221;1\/4&#8243;][vc_single_image image=&#8221;5652&#8243; alignment=&#8221;center&#8221;][vc_custom_heading text=&#8221;Tiendas OXXO&#8221; font_container=&#8221;tag:h5|text_align:center&#8221; google_fonts=&#8221;font_family:Open%20Sans%3A300%2C300italic%2Cregular%2Citalic%2C600%2C600italic%2C700%2C700italic%2C800%2C800italic|font_style:600%20bold%20regular%3A600%3Anormal&#8221;][\/vc_column_inner][\/vc_row_inner][vc_empty_space][\/vc_column][\/vc_row][vc_row css=&#8221;.vc_custom_1667438330365{padding-top: 50px !important;padding-bottom: 0px !important;background-color: #ffffff !important;}&#8221;][vc_column width=&#8221;5\/6&#8243;][vc_column_text css=&#8221;.vc_custom_1667437369816{padding-bottom: 35px !important;}&#8221;]<\/p>\n<h2><span style=\"color: #000000;\">Programa Interno de Protecci\u00f3n Civil<\/span><\/h2>\n<p>[\/vc_column_text][vc_column_text css=&#8221;.vc_custom_1667437429581{padding-bottom: 35px !important;}&#8221;]<\/p>\n<p style=\"font-size: 18px;\">Tiene como prop\u00f3sito reducir los\u00a0 riesgos previamente identificados definiendo acciones preventivas y de respuesta para estar en condiciones de evitar o atender la eventualidad de alguna emergencia, siniestro o desastre.<\/p>\n<p>[\/vc_column_text][\/vc_column][vc_column width=&#8221;1\/6&#8243;][vc_single_image image=&#8221;5456&#8243;][\/vc_column][\/vc_row][vc_row][vc_column][vc_custom_heading text=&#8221;C\u00f3mo saber si mi establecimiento, empresa, instituci\u00f3n u organismo<br \/>\nrequiere de un Programa Interno de Protecci\u00f3n Civil:&#8221; font_container=&#8221;tag:h3|font_size:18|text_align:left|color:%23000000&#8243; google_fonts=&#8221;font_family:Open%20Sans%3A300%2C300italic%2Cregular%2Citalic%2C600%2C600italic%2C700%2C700italic%2C800%2C800italic|font_style:600%20bold%20regular%3A600%3Anormal&#8221;][vc_single_image image=&#8221;5618&#8243; img_size=&#8221;full&#8221; alignment=&#8221;center&#8221;][\/vc_column][\/vc_row][vc_row css=&#8221;.vc_custom_1667439230085{padding-top: 50px !important;padding-bottom: 0px !important;background-color: #f5f5f5 !important;}&#8221;][vc_column width=&#8221;5\/6&#8243;][vc_column_text css=&#8221;.vc_custom_1667438605812{padding-bottom: 35px !important;}&#8221;]<\/p>\n<h2>Programa Espec\u00edfico de Protecci\u00f3n Civil<\/h2>\n<p>[\/vc_column_text][vc_column_text css=&#8221;.vc_custom_1667438629323{padding-bottom: 35px !important;}&#8221;]<\/p>\n<p style=\"font-size: 18px;\">Es una herramienta que sirve como medio de planeaci\u00f3n, prevenci\u00f3n y operaci\u00f3n, su objetivo principal es identificar riesgos tanto internos como externos, que ayuda a las empresas a responder de la mejor manera ante una emergencia, siniestro o desastre, con el objetivo de salvaguardar las vidas de las personas que laboran o concurren en las instalaciones de la empresa, as\u00ed como los bienes de la misma.<\/p>\n<p>[\/vc_column_text][\/vc_column][vc_column width=&#8221;1\/6&#8243;][vc_single_image image=&#8221;5472&#8243; img_size=&#8221;&#8221; alignment=&#8221;center&#8221; el_class=&#8221;prog&#8221;][\/vc_column][\/vc_row][vc_row css=&#8221;.vc_custom_1667438330365{padding-top: 50px !important;padding-bottom: 0px !important;background-color: #ffffff !important;}&#8221;][vc_column width=&#8221;5\/6&#8243;][vc_column_text css=&#8221;.vc_custom_1667439098938{padding-bottom: 35px !important;}&#8221;]<\/p>\n<h2>Programa Especial de Protecci\u00f3n Civil.<\/h2>\n<p>[\/vc_column_text][vc_column_text css=&#8221;.vc_custom_1667439146059{padding-bottom: 35px !important;}&#8221;]<\/p>\n<p style=\"font-size: 18px;\">Un Programa Especial de Protecci\u00f3n Civil es un documento de planeaci\u00f3n para eventos masivos, en el que se establecen las medidas de prevenci\u00f3n y acci\u00f3n ante riesgos derivados de actividades, eventos o espect\u00e1culos p\u00fablicos de afluencia masiva.<\/p>\n<p>[\/vc_column_text][\/vc_column][vc_column width=&#8221;1\/6&#8243;][vc_single_image image=&#8221;5473&#8243;][\/vc_column][\/vc_row][vc_row][vc_column][vc_empty_space][\/vc_column][\/vc_row][vc_row][vc_column][vc_empty_space height=&#8221;60px&#8221;][\/vc_column][\/vc_row][vc_row][vc_column][vc_basic_grid post_type=&#8221;post&#8221; max_items=&#8221;10&#8243; item=&#8221;masonryGrid_SlideFromLeft&#8221; grid_id=&#8221;vc_gid:1668780662976-9d0475c2-fec6-4&#8243; taxonomies=&#8221;22&#8243;][vc_empty_space height=&#8221;100px&#8221;][\/vc_column][\/vc_row]<\/p>\n<\/div>","protected":false},"excerpt":{"rendered":"<p>[vc_row css=&#8221;.vc_custom_1667439245961{padding-top: 50px !important;background-color: #f5f5f5 !important;}&#8221;][vc_column][vc_custom_heading text=&#8221;Programa de Protecci\u00f3n Civil&#8221; google_fonts=&#8221;font_family:Open%20Sans%3A300%2C300italic%2Cregular%2Citalic%2C600%2C600italic%2C700%2C700italic%2C800%2C800italic|font_style:400%20regular%3A400%3Anormal&#8221; css_animation=&#8221;fadeIn&#8221;][vc_column_text] Te apoyamos en la elaboraci\u00f3n de tu Programa Interno, Programa Espec\u00edfico o Programa Especial. As\u00ed como su gestor\u00eda, hasta la obtenci\u00f3n del Visto Bueno. [\/vc_column_text][vc_cta h2=&#8221;30 a\u00f1os nos respaldan apoyando a:&#8221; txt_align=&#8221;center&#8221; style=&#8221;custom&#8221; el_width=&#8221;lg&#8221; css_animation=&#8221;bounceInLeft&#8221; css=&#8221;.vc_custom_1667439329184{background-color: #f5f5f5 !important;}&#8221; custom_background=&#8221;#f5f5f5&#8243; custom_text=&#8221;#dd3333&#8243;][\/vc_cta][vc_row_inner][vc_column_inner width=&#8221;1\/4&#8243;][vc_single_image image=&#8221;5648&#8243; alignment=&#8221;center&#8221;][vc_custom_heading text=&#8221;Escuelas&#8221; font_container=&#8221;tag:h5|text_align:center&#8221; google_fonts=&#8221;font_family:Open%20Sans%3A300%2C300italic%2Cregular%2Citalic%2C600%2C600italic%2C700%2C700italic%2C800%2C800italic|font_style:600%20bold%20regular%3A600%3Anormal&#8221;][\/vc_column_inner][vc_column_inner width=&#8221;1\/4&#8243;][vc_single_image image=&#8221;5655&#8243; alignment=&#8221;center&#8221;][vc_custom_heading text=&#8221;Edificios&#8221; font_container=&#8221;tag:h5|text_align:center&#8221; google_fonts=&#8221;font_family:Open%20Sans%3A300%2C300italic%2Cregular%2Citalic%2C600%2C600italic%2C700%2C700italic%2C800%2C800italic|font_style:600%20bold%20regular%3A600%3Anormal&#8221;][\/vc_column_inner][vc_column_inner width=&#8221;1\/4&#8243;][vc_single_image image=&#8221;5651&#8243; alignment=&#8221;center&#8221;][vc_custom_heading text=&#8221;Restaurantes&#8221; font_container=&#8221;tag:h5|text_align:center&#8221; google_fonts=&#8221;font_family:Open%20Sans%3A300%2C300italic%2Cregular%2Citalic%2C600%2C600italic%2C700%2C700italic%2C800%2C800italic|font_style:600%20bold%20regular%3A600%3Anormal&#8221;][\/vc_column_inner][vc_column_inner width=&#8221;1\/4&#8243;][vc_single_image image=&#8221;5652&#8243; alignment=&#8221;center&#8221;][vc_custom_heading text=&#8221;Tiendas OXXO&#8221; font_container=&#8221;tag:h5|text_align:center&#8221; google_fonts=&#8221;font_family:Open%20Sans%3A300%2C300italic%2Cregular%2Citalic%2C600%2C600italic%2C700%2C700italic%2C800%2C800italic|font_style:600%20bold%20regular%3A600%3Anormal&#8221;][\/vc_column_inner][\/vc_row_inner][vc_empty_space][\/vc_column][\/vc_row][vc_row css=&#8221;.vc_custom_1667438330365{padding-top: 50px !important;padding-bottom: 0px !important;background-color: #ffffff !important;}&#8221;][vc_column width=&#8221;5\/6&#8243;][vc_column_text css=&#8221;.vc_custom_1667437369816{padding-bottom: 35px !important;}&#8221;] Programa Interno de Protecci\u00f3n Civil [\/vc_column_text][vc_column_text css=&#8221;.vc_custom_1667437429581{padding-bottom: 35px !important;}&#8221;] Tiene como prop\u00f3sito &hellip; <a href=\"https:\/\/protysec.com\/wordpresslpj\/programas\/\">Continued<\/a><\/p>\n","protected":false},"author":1,"featured_media":0,"parent":0,"menu_order":0,"comment_status":"open","ping_status":"closed","template":"page-fullwidth.php","meta":{"footnotes":""},"class_list":["post-12","page","type-page","status-publish","hentry"],"_links":{"self":[{"href":"https:\/\/protysec.com\/wordpresslpj\/wp-json\/wp\/v2\/pages\/12","targetHints":{"allow":["GET"]}}],"collection":[{"href":"https:\/\/protysec.com\/wordpresslpj\/wp-json\/wp\/v2\/pages"}],"about":[{"href":"https:\/\/protysec.com\/wordpresslpj\/wp-json\/wp\/v2\/types\/page"}],"author":[{"embeddable":true,"href":"https:\/\/protysec.com\/wordpresslpj\/wp-json\/wp\/v2\/users\/1"}],"replies":[{"embeddable":true,"href":"https:\/\/protysec.com\/wordpresslpj\/wp-json\/wp\/v2\/comments?post=12"}],"version-history":[{"count":26,"href":"https:\/\/protysec.com\/wordpresslpj\/wp-json\/wp\/v2\/pages\/12\/revisions"}],"predecessor-version":[{"id":5801,"href":"https:\/\/protysec.com\/wordpresslpj\/wp-json\/wp\/v2\/pages\/12\/revisions\/5801"}],"wp:attachment":[{"href":"https:\/\/protysec.com\/wordpresslpj\/wp-json\/wp\/v2\/media?parent=12"}],"curies":[{"name":"wp","href":"https:\/\/api.w.org\/{rel}","templated":true}]}}